{"id":46,"date":"2018-01-11T08:12:41","date_gmt":"2018-01-11T08:12:41","guid":{"rendered":"http:\/\/www.rowitransport.nl\/?page_id=46"},"modified":"2018-02-02T16:29:10","modified_gmt":"2018-02-02T15:29:10","slug":"ons-bedrijf","status":"publish","type":"page","link":"https:\/\/www.rowitransport.nl\/index.php\/ons-bedrijf\/","title":{"rendered":"Ons bedrijf"},"content":{"rendered":"<p>Rowi Transport is een transport bedrijf met een breed scala aan materieel, hierdoor kunnen wij voor de meest uiteenlopende transportopdrachten een oplossing bieden. Anders gezegd:[ps2id id=&#8217;vergunning&#8217; target=&#8221;\/]<\/p>\n<p style=\"text-align: center;\"><strong>Voor uw transportvraagstuk heeft Rowi Transport een oplossing.<\/strong><\/p>\n<p>Wij zijn in het bezit van de verplichte <strong>EuroVergunning<\/strong> afgegeven door NIWO, hiermee tonen wij aan al jaren een betrouwbare logistieke partner te zijn.<\/p>\n<div id=\"comp-jc5zlo5a\" class=\"txtNew\">\n<h2 class=\"font_0\"><span class=\"color_30\">Vergunningen en certificering<\/span><\/h2>\n<\/div>\n<div id=\"comp-jc5zlo5f\" class=\"txtNew\">\n<p class=\"font_8\"><span class=\"color_30\">Rowi transport is aangesloten bij:<\/span><\/p>\n<p class=\"font_8\" style=\"padding-left: 30px;\"><span class=\"color_30\">&#8211; TLN &#8211; Transport en logistiek Nederland<\/span><\/p>\n<p class=\"font_8\">Rowi transport bezit de volgende vergunningen:<\/p>\n<p class=\"font_8\" style=\"padding-left: 30px;\"><span class=\"color_30\">&#8211; EuroVergunning &#8211; afgegeven door NIWO<br \/>\n<\/span><span class=\"color_30\">&#8211; VIHB vergunning &#8211; afgegeven door NIWO<br \/>\n<\/span><span class=\"color_30\">&#8211; Exceptioneel transport ontheffing\u00a0&#8211; afgegeven door RDW<br \/>\n<\/span><span class=\"color_30\">&#8211; Uitzonderlijk vervoer vergunning (Belgi\u00eb) &#8211; afgegeven door Federale Overheidsdienst Mobiliteit en Vervoer<\/span><\/p>\n<p class=\"font_8\"><span class=\"color_30\">Rowi transport (en\/of chauffeurs) bezit de volgende certificering:<\/span><\/p>\n<p class=\"font_8\" style=\"padding-left: 30px;\"><span class=\"color_30\">&#8211; VCA (alle medewerkers) &#8211; afgegeven door Examen centrum VCA<br \/>\n<\/span><span class=\"color_30\">&#8211; BHV &#8211; afgegeven door Hoekstra bedrijfsopleidingen<br \/>\n<\/span><span class=\"color_30\">&#8211; VLG gekeurde voertuigen<br \/>\n<\/span><span class=\"color_30\">&#8211; ADR certificaten[ps2id id=&#8217;historie&#8217; target=&#8221;\/]<\/span><\/p>\n<div class=\"foogallery foogallery-container foogallery-default foogallery-lightbox-none fg-gutter-10 fg-center fg-default fg-light fg-border-thin fg-shadow-outline fg-loading-default fg-loaded-fade-in fg-custom fg-hover-fade\" id=\"foogallery-gallery-147\" data-foogallery=\"{&quot;item&quot;:{&quot;showCaptionTitle&quot;:true,&quot;showCaptionDescription&quot;:true},&quot;lazy&quot;:true,&quot;src&quot;:&quot;data-src-fg&quot;,&quot;srcset&quot;:&quot;data-srcset-fg&quot;}\" data-fg-common-fields=\"1\" >\r\n\t<div class=\"fg-item\"><figure class=\"fg-item-inner\"><a data-attachment-id=\"144\" class=\"fg-thumb\"><span class=\"fg-image-wrap\"><img width=\"896\" height=\"69\" data-src-fg=\"https:\/\/www.rowitransport.nl\/wp-content\/uploads\/2018\/01\/Logos-extern.png\" class=\"fg-image\" \/><\/span><\/a><figcaption class=\"fg-caption\"><div class=\"fg-caption-inner\"><\/div><\/figcaption><\/figure><div class=\"fg-loader\"><\/div><\/div><\/div>\r\n\n<\/div>\n<div id=\"comp-jc1ysvfx\" class=\"txtNew\">\n<h2 class=\"font_0\"><span class=\"color_30\">Historie<\/span><\/h2>\n<\/div>\n<div id=\"comp-jc1ysvg0\" class=\"txtNew\">\n<p class=\"font_8\"><span class=\"color_30\">Rowi Transport is ontstaan vanuit een passie voor de logistieke branche.<\/span><\/p>\n<p class=\"font_8\"><span class=\"color_30\">Jan de Wit, medeoprichter van Rowi Transport, heeft eerst jaren onder\u00a0een baas gewerkt in het horizontaal en verticaal transport. In die periode heeft hij Dianne Rood ontmoet en samen hebben ze besloten om in 1996 Rowi Transport op te richten. Een droom kwam uit!<\/span><\/p>\n<p class=\"font_8\"><span class=\"color_30\">Zoals de meeste transportondernemingen, eerst \u00e9\u00e9n auto. In die tijd vervoerde Rowi Transport elke week goederen naar Scandinavi\u00eb.\u00a0Vaak lange dagen en heel hard werken, maar altijd met een lach. In 1998 werd de tweede auto aangeschaft. Dianne gaat vanaf nu naast de adminstratie ook rijden, maar dan meer regionaal.<\/span><\/p>\n<p class=\"font_8\"><span class=\"color_30\">In 2003 werd het wenselijk om een eigen huisvesting te realiseren. Er werd een pand in Schagen gehuurd. Daarnaast werd de eerste nieuwe DAF aangeschaft. Met veel enthousiasme kwam de eerste werknemer in dienst.<\/span><\/p>\n<p class=\"font_8\"><span class=\"color_30\">Het bedrijf groeide verder naar vijf vrachtauto&#8217;s, waarvan een met zware autolaadkraan.<\/span><\/p>\n<p class=\"font_8\"><span class=\"color_30\">In mei 2006 werd het bedrijfspand en opslagterrein gekocht aan de handelsweg 9 in Schagerbrug, waar Rowi Transport op dit moment gevestigd is. Het terrein is ruim genoeg om het eigen materiaal binnen het hek te stallen. In de loods doen we het onderhoud aan de voertuigen zelf.<\/span><\/p>\n<p class=\"font_8\"><span class=\"color_30\">In 2015 met een aantrekkende economie en aangescherpte milieu eisen werd besloten om het wagenpark te vernieuwen met twee nieuwe trekkende voertuigen. Op deze manier wordt de continu\u00efteit van de onderneming gewaarborgd.[ps2id id=&#8217;maatschappelijk&#8217; target=&#8221;\/]<\/span><\/p>\n<div class=\"foogallery foogallery-container foogallery-default foogallery-lightbox-none fg-gutter-10 fg-center fg-default fg-light fg-border-thin fg-shadow-outline fg-loading-default fg-loaded-fade-in fg-custom fg-caption-hover fg-hover-fade fg-hover-zoom\" id=\"foogallery-gallery-151\" data-foogallery=\"{&quot;item&quot;:{&quot;showCaptionTitle&quot;:true,&quot;showCaptionDescription&quot;:true},&quot;lazy&quot;:true,&quot;src&quot;:&quot;data-src-fg&quot;,&quot;srcset&quot;:&quot;data-srcset-fg&quot;}\" data-fg-common-fields=\"1\" >\r\n\t<div class=\"fg-item\"><figure class=\"fg-item-inner\"><a href=\"https:\/\/www.rowitransport.nl\/wp-content\/uploads\/2018\/01\/IMG_0762.jpg\" data-attachment-id=\"152\" class=\"fg-thumb\"><span class=\"fg-image-wrap\"><img width=\"230\" height=\"150\" data-src-fg=\"https:\/\/www.rowitransport.nl\/wp-content\/uploads\/cache\/2018\/01\/IMG_0762\/1323564372.jpg\" class=\"fg-image\" \/><\/span><\/a><figcaption class=\"fg-caption\"><div class=\"fg-caption-inner\"><\/div><\/figcaption><\/figure><div class=\"fg-loader\"><\/div><\/div><div class=\"fg-item\"><figure class=\"fg-item-inner\"><a href=\"https:\/\/www.rowitransport.nl\/wp-content\/uploads\/2018\/01\/ROWI-wagens-05.jpg\" data-attachment-id=\"153\" class=\"fg-thumb\"><span class=\"fg-image-wrap\"><img width=\"230\" height=\"150\" data-src-fg=\"https:\/\/www.rowitransport.nl\/wp-content\/uploads\/cache\/2018\/01\/ROWI-wagens-05\/1349788037.jpg\" class=\"fg-image\" \/><\/span><\/a><figcaption class=\"fg-caption\"><div class=\"fg-caption-inner\"><\/div><\/figcaption><\/figure><div class=\"fg-loader\"><\/div><\/div><div class=\"fg-item\"><figure class=\"fg-item-inner\"><a href=\"https:\/\/www.rowitransport.nl\/wp-content\/uploads\/2018\/01\/Rowi-029.jpg\" data-attachment-id=\"154\" class=\"fg-thumb\"><span class=\"fg-image-wrap\"><img width=\"230\" height=\"150\" data-src-fg=\"https:\/\/www.rowitransport.nl\/wp-content\/uploads\/cache\/2018\/01\/Rowi-029\/1805522860.jpg\" class=\"fg-image\" \/><\/span><\/a><figcaption class=\"fg-caption\"><div class=\"fg-caption-inner\"><\/div><\/figcaption><\/figure><div class=\"fg-loader\"><\/div><\/div><div class=\"fg-item\"><figure class=\"fg-item-inner\"><a href=\"https:\/\/www.rowitransport.nl\/wp-content\/uploads\/2018\/01\/IMG_0414.jpg\" data-attachment-id=\"155\" class=\"fg-thumb\"><span class=\"fg-image-wrap\"><img width=\"230\" height=\"150\" data-src-fg=\"https:\/\/www.rowitransport.nl\/wp-content\/uploads\/cache\/2018\/01\/IMG_0414\/1971860282.jpg\" class=\"fg-image\" \/><\/span><\/a><figcaption class=\"fg-caption\"><div class=\"fg-caption-inner\"><\/div><\/figcaption><\/figure><div class=\"fg-loader\"><\/div><\/div><\/div>\r\n\n<\/div>\n<div id=\"comp-jc1ysvgb\" class=\"txtNew\">\n<h2 class=\"font_0\"><span class=\"color_30\">Maatschappelijke verantwoordelijkheid<\/span><\/h2>\n<\/div>\n<div id=\"comp-jc5yi7m4\" class=\"txtNew\">\n<p class=\"font_8\"><span class=\"color_30\">Rowi transport is gericht op de toekomst, naast de wet en regelgeving die de branche dwingt om te vernieuwen, voelen wij ook een maatschappelijke verantwoordelijkheid\u00a0om het milieu te ontlasten en de verkeersveiligheid te verhogen.<\/span><\/p>\n<p class=\"font_8\"><span class=\"color_30\">Om bovenstaande redenen werden recent twee auto&#8217;s vernieuwd, de nieuwe auto&#8217;s voldoen aan de Euro-6 emissie norm en zijn voorzien van de nieuwste veiligheid systemen.<\/span><\/p>\n<p class=\"font_8\"><span class=\"color_30\">Daarnaast ontzien wij de dorpskern van Schagerbrug door, waar mogelijk, bewust om te rijden. Zo verlagen wij de verkeersdruk in het dorp.<\/span><\/p>\n<p class=\"font_8\"><span class=\"color_30\">Het management van Rowi Transport volgt de ontwikkelingen in de branche nauwlettend. Zodat wij\u00a0onze klanten altijd de\u00a0meest\u00a0effici\u00ebnte oplossing kunnen bieden.<\/span><\/p>\n<\/div>\n","protected":false},"excerpt":{"rendered":"<p>Rowi Transport is een transport bedrijf met een breed scala aan materieel, hierdoor kunnen wij voor de meest uiteenlopende transportopdrachten een oplossing bieden. Anders gezegd:[ps2id id=&#8217;vergunning&#8217; target=&#8221;\/] Voor uw transportvraagstuk heeft Rowi Transport een oplossing. Wij zijn in het bezit van de verplichte EuroVergunning afgegeven door NIWO, hiermee tonen wij aan al jaren een betrouwbare [&hellip;]<\/p>\n","protected":false},"author":1,"featured_media":0,"parent":0,"menu_order":0,"comment_status":"closed","ping_status":"closed","template":"","meta":{"footnotes":""},"class_list":["post-46","page","type-page","status-publish","hentry","post"],"_links":{"self":[{"href":"https:\/\/www.rowitransport.nl\/index.php\/wp-json\/wp\/v2\/pages\/46","targetHints":{"allow":["GET"]}}],"collection":[{"href":"https:\/\/www.rowitransport.nl\/index.php\/wp-json\/wp\/v2\/pages"}],"about":[{"href":"https:\/\/www.rowitransport.nl\/index.php\/wp-json\/wp\/v2\/types\/page"}],"author":[{"embeddable":true,"href":"https:\/\/www.rowitransport.nl\/index.php\/wp-json\/wp\/v2\/users\/1"}],"replies":[{"embeddable":true,"href":"https:\/\/www.rowitransport.nl\/index.php\/wp-json\/wp\/v2\/comments?post=46"}],"version-history":[{"count":13,"href":"https:\/\/www.rowitransport.nl\/index.php\/wp-json\/wp\/v2\/pages\/46\/revisions"}],"predecessor-version":[{"id":284,"href":"https:\/\/www.rowitransport.nl\/index.php\/wp-json\/wp\/v2\/pages\/46\/revisions\/284"}],"wp:attachment":[{"href":"https:\/\/www.rowitransport.nl\/index.php\/wp-json\/wp\/v2\/media?parent=46"}],"curies":[{"name":"wp","href":"https:\/\/api.w.org\/{rel}","templated":true}]}}